{"id":9,"date":"2022-01-11T10:15:12","date_gmt":"2022-01-11T10:15:12","guid":{"rendered":"https:\/\/demo.creativethemes.com\/blocksy\/floreo\/?page_id=9"},"modified":"2025-09-05T15:20:02","modified_gmt":"2025-09-05T12:20:02","slug":"hakkimizda","status":"publish","type":"page","link":"https:\/\/galatasarayitm.com.tr\/index.php\/hakkimizda\/","title":{"rendered":"Hakk\u0131m\u0131zda"},"content":{"rendered":"\n<div class=\"wp-block-stackable-columns alignfull stk-block-columns stk-block stk-893499a stk-block-background stk--has-background-overlay\" data-block-id=\"893499a\"><style>.stk-893499a{background-image:url(https:\/\/galatasarayitm.com.tr\/wp-content\/uploads\/2023\/01\/MG_2509-scaled.jpg) !important;background-repeat:no-repeat !important;background-size:cover !important;padding-top:230px !important;padding-bottom:200px !important;margin-bottom:0px !important}@media screen and (max-width:999px){.stk-893499a{padding-top:120px !important;padding-bottom:70px !important}}<\/style><div class=\"stk-row stk-inner-blocks stk-block-content stk-content-align stk-893499a-column\">\n<div class=\"wp-block-stackable-column stk-block-column stk-block-column--v2 stk-column stk-block stk-50a4b0e\" data-block-id=\"50a4b0e\"><style>.stk-50a4b0e-container{margin-top:0px !important;margin-right:0px !important;margin-bottom:0px !important;margin-left:0px !important}<\/style><div class=\"stk-column-wrapper stk-block-column__content stk-container stk-50a4b0e-container stk--no-background stk--no-padding\"><div class=\"stk-block-content stk-inner-blocks stk-50a4b0e-inner-blocks\">\n<div class=\"wp-block-stackable-heading stk-block-heading stk-block-heading--v2 stk-block stk-6449bae\" id=\"vizyonumuz\" data-block-id=\"6449bae\"><style>.stk-6449bae{max-width:700px !important;margin-right:auto !important;margin-left:auto !important}.stk-6449bae .stk-block-heading__text{color:var(--theme-palette-color-6,#f2f5f7) !important;line-height:1.2em !important}@media screen and (max-width:999px){.stk-6449bae .stk-block-heading__text{font-size:35px !important}}<\/style><h3 class=\"stk-block-heading__text has-text-color has-text-align-center\">Vizyonumuz<\/h3><\/div>\n\n\n\n<div class=\"wp-block-stackable-text stk-block-text stk-block stk-5883b58\" data-block-id=\"5883b58\"><style>.stk-5883b58{margin-bottom:15px !important}.stk-5883b58 .stk-block-text__text{font-size:14px !important;color:var(--theme-palette-color-8,#ffffff) !important;font-weight:700 !important}@media screen and (max-width:999px){.stk-5883b58 .stk-block-text__text{font-size:14px !important}}<\/style><p class=\"stk-block-text__text has-text-color has-text-align-center\">Hez\u00e2rfen Ahmet \u00c7elebi, 1632 y\u0131l\u0131nda takma kanatlarla u\u00e7may\u0131 ba\u015faran ilk insand\u0131. U\u00e7mak o y\u0131llarda insanl\u0131k i\u00e7in yaln\u0131zca bir hayaldi. Bir ritim, bir \u015fark\u0131, bir g\u00f6r\u00fcnt\u00fc, bir renk, hangi fikirse hayal etti\u011fin, ger\u00e7e\u011fe d\u00f6n\u00fc\u015ft\u00fcrmek i\u00e7in at\u0131lm\u0131\u015f ilk tutkulu ad\u0131md\u0131r. Seni anl\u0131yor, bunu seviyoruz ve e\u011fer kariyerin, m\u00fczik, konser, film, reklam, tasar\u0131m, alanlar\u0131nda geli\u015fsin istiyorsan do\u011fru yerdesin.<\/p><\/div>\n\n\n\n<div class=\"wp-block-stackable-heading stk-block-heading stk-block-heading--v2 stk-block stk-abf6a90\" id=\"strong-aramiza-hosgeldin-haydi-ellerini-kirlet-strong\" data-block-id=\"abf6a90\"><style>.stk-abf6a90 .stk-block-heading__text{color:var(--theme-palette-color-8,#ffffff) !important}<\/style><h5 class=\"stk-block-heading__text has-text-color has-text-align-center\"><strong>ARAMIZA HO\u015eGELD\u0130N! Haydi Ellerini Kirlet.<\/strong><\/h5><\/div>\n<\/div><\/div><\/div>\n<\/div><\/div>\n\n\n\n<div class=\"wp-block-stackable-columns alignfull stk-block-columns stk-block stk-f45d43b\" data-block-id=\"f45d43b\"><style>.stk-f45d43b{padding-top:40px !important;margin-bottom:0px !important}@media screen and (max-width:999px){.stk-f45d43b{padding-top:120px !important;padding-bottom:70px !important}}<\/style><div class=\"stk-row stk-inner-blocks stk-block-content stk-content-align stk-f45d43b-column\">\n<div class=\"wp-block-stackable-column stk-block-column stk-block-column--v2 stk-column stk-block stk-5ff2149\" data-block-id=\"5ff2149\"><style>.stk-5ff2149-container{margin-top:0px !important;margin-right:0px !important;margin-bottom:0px !important;margin-left:0px !important}<\/style><div class=\"stk-column-wrapper stk-block-column__content stk-container stk-5ff2149-container stk--no-background stk--no-padding\"><div class=\"stk-block-content stk-inner-blocks stk-5ff2149-inner-blocks\">\n<div class=\"wp-block-stackable-heading stk-block-heading stk-block-heading--v2 stk-block stk-c843adb\" id=\"misyonumuz\" data-block-id=\"c843adb\"><style>.stk-c843adb{max-width:700px !important;margin-right:auto !important;margin-left:auto !important}.stk-c843adb .stk-block-heading__text{color:var(--theme-palette-color-3,#3A4F66) !important;line-height:1.2em !important}@media screen and (max-width:999px){.stk-c843adb .stk-block-heading__text{font-size:35px !important}}<\/style><h3 class=\"stk-block-heading__text has-text-color has-text-align-center\">Misyonumuz<\/h3><\/div>\n\n\n\n<div class=\"wp-block-stackable-text stk-block-text stk-block stk-9dd3bc8\" data-block-id=\"9dd3bc8\"><style>.stk-9dd3bc8{margin-bottom:10px !important}.stk-9dd3bc8 .stk-block-text__text{font-size:14px !important;color:var(--theme-palette-color-4,#192a3d) !important;font-weight:700 !important}@media screen and (max-width:999px){.stk-9dd3bc8 .stk-block-text__text{font-size:14px !important}}<\/style><p class=\"stk-block-text__text has-text-color has-text-align-center\">Sanat iyi \u00e7izebilmek veya boyayabilmek demek de\u011fildir, artistik alg\u0131n\u0131n, g\u00fczel soundu veya g\u00f6r\u00fcnt\u00fcy\u00fc ya da iyi hissettirebilmeyi ay\u0131rabilecek akorda gelmesi demektir. E\u011fitim etraf\u0131n\u0131zdaki \u015feyleri renk, kontrast ve kompozisyon olarak g\u00f6rebilmek i\u00e7in sizi geli\u015ftirendir. Anlatacak bir hikaye olmas\u0131 yaratmakta olunan sanata bir anlam, bir hedef katar. Biz \u00f6\u011frencilerimizin seyirciyi anlatt\u0131klar\u0131yla nas\u0131l etkileyebilece\u011fini \u00f6\u011frenmesini isteriz. Derslerimizde bunu ger\u00e7ekle\u015ftirebilmenin iki \u00f6nemli anahtar\u0131n\u0131, sanat ve teknolojiyi, kullanabilmeyi \u00f6\u011fretiriz.<\/p><\/div>\n<\/div><\/div><\/div>\n<\/div><\/div>\n\n\n\n<div class=\"wp-block-stackable-columns alignfull stk-block-columns stk-block stk-1599312\" data-block-id=\"1599312\"><style>.stk-1599312{padding-top:40px !important;padding-bottom:150px !important;margin-bottom:0px !important}@media screen and (max-width:999px){.stk-1599312{padding-top:120px !important;padding-bottom:70px !important}}<\/style><div class=\"stk-row stk-inner-blocks stk-block-content stk-content-align stk-1599312-column\">\n<div class=\"wp-block-stackable-column stk-block-column stk-block-column--v2 stk-column stk-block stk-36a2632\" data-block-id=\"36a2632\"><style>.stk-36a2632-container{margin-top:0px !important;margin-right:0px !important;margin-bottom:0px !important;margin-left:0px !important}<\/style><div class=\"stk-column-wrapper stk-block-column__content stk-container stk-36a2632-container stk--no-background stk--no-padding\"><div class=\"stk-block-content stk-inner-blocks stk-36a2632-inner-blocks\">\n<div class=\"wp-block-stackable-heading stk-block-heading stk-block-heading--v2 stk-block stk-56910bf\" id=\"felsefemiz\" data-block-id=\"56910bf\"><style>.stk-56910bf{max-width:700px !important;margin-right:auto !important;margin-left:auto !important}.stk-56910bf .stk-block-heading__text{color:var(--theme-palette-color-3,#3A4F66) !important;line-height:1.2em !important}@media screen and (max-width:999px){.stk-56910bf .stk-block-heading__text{font-size:35px !important}}<\/style><h3 class=\"stk-block-heading__text has-text-color has-text-align-center\">Felsefemiz<\/h3><\/div>\n\n\n\n<div class=\"wp-block-stackable-text stk-block-text stk-block stk-cb10151\" data-block-id=\"cb10151\"><style>.stk-cb10151{margin-bottom:0px !important}.stk-cb10151 .stk-block-text__text{font-size:14px !important;color:var(--theme-palette-color-4,#192a3d) !important;font-weight:700 !important}@media screen and (max-width:999px){.stk-cb10151 .stk-block-text__text{font-size:14px !important}}<\/style><p class=\"stk-block-text__text has-text-color has-text-align-center\">Biliyoruz ki bir\u00e7ok \u00f6\u011frenci g\u00fcn\u00fcm\u00fczde e\u011fitiminin onu hi\u00e7bir \u015feye haz\u0131rlamad\u0131\u011f\u0131n\u0131 d\u00fc\u015f\u00fcn\u00fcyor, bu y\u00fczden y\u0131llar \u00f6nce kurulurken, \u00f6\u011frencilerimize ger\u00e7ek hayatta en g\u00fcncel ve en uygulanabilir e\u011fitimleri haz\u0131rlad\u0131k.<\/p><\/div>\n\n\n\n<div class=\"wp-block-stackable-text stk-block-text stk-block stk-070e937\" data-block-id=\"070e937\"><style>.stk-070e937{margin-bottom:10px !important}.stk-070e937 .stk-block-text__text{font-size:14px !important;color:var(--theme-palette-color-4,#192a3d) !important;font-weight:700 !important}@media screen and (max-width:999px){.stk-070e937 .stk-block-text__text{font-size:14px !important}}<\/style><p class=\"stk-block-text__text has-text-color has-text-align-center\">M\u00fczik prod\u00fcksiyonu gibi g\u00fcn\u00fcm\u00fcze h\u00fckmeden ve gelecek vaad eden mesleki e\u011fitimleri, her dersin bir \u00fcr\u00fcn\u00fc ve her \u00fcr\u00fcn\u00fcn bir dersi olmal\u0131d\u0131r felsefesine dayand\u0131rarak haz\u0131rlad\u0131k. Kay\u0131t derslerimizi, profesyonel st\u00fcdyolar\u0131m\u0131zda, piyasaya \u00e7\u0131kacak yeni alb\u00fcmler \u00fczerinde yapt\u0131k ve onlar\u0131n kliplerini \u00f6\u011frencilerimizle birlikte \u00f6dev olarak haz\u0131rlad\u0131k. Par\u00e7alar\u0131n aranjelerini prod\u00fcksiyon s\u0131n\u0131f\u0131nlar\u0131nda yazd\u0131k, yery\u00fcz\u00fcne s\u0131\u011fmayan sahneleri bilgisayar labortuvar\u0131m\u0131zda sanal ortamda olu\u015fturduk, sekt\u00f6rle \u00f6\u011frencilerimizi derslerde bulu\u015fturduk ve fark ettik ki bizi taklit eden \u00e7ok ama ula\u015fabilen yok.<\/p><\/div>\n<\/div><\/div><\/div>\n<\/div><\/div>\n","protected":false},"excerpt":{"rendered":"<p>Vizyonumuz Hez\u00e2rfen Ahmet \u00c7elebi, 1632 y\u0131l\u0131nda takma kanatlarla u\u00e7may\u0131 ba\u015faran ilk insand\u0131. U\u00e7mak o y\u0131llarda insanl\u0131k i\u00e7in yaln\u0131zca bir hayaldi. Bir ritim, bir \u015fark\u0131, bir g\u00f6r\u00fcnt\u00fc, bir renk, hangi fikirse hayal etti\u011fin, ger\u00e7e\u011fe d\u00f6n\u00fc\u015ft\u00fcrmek i\u00e7in at\u0131lm\u0131\u015f ilk tutkulu ad\u0131md\u0131r. Seni anl\u0131yor, bunu seviyoruz ve e\u011fer kariyerin, m\u00fczik, konser, film, reklam, tasar\u0131m, alanlar\u0131nda geli\u015fsin istiyorsan do\u011fru [&hellip;]<\/p>\n","protected":false},"author":1,"featured_media":0,"parent":0,"menu_order":0,"comment_status":"closed","ping_status":"closed","template":"","meta":{"_eb_attr":"","om_disable_all_campaigns":false,"_monsterinsights_skip_tracking":false,"_monsterinsights_sitenote_active":false,"_monsterinsights_sitenote_note":"","_monsterinsights_sitenote_category":0,"footnotes":""},"class_list":["post-9","page","type-page","status-publish","hentry"],"blocksy_meta":{"styles_descriptor":{"styles":{"desktop":"","tablet":"","mobile":""},"google_fonts":[],"version":6},"page_title_panel":"","has_hero_section":"disabled","5ffcc86d9cbe558589a7335a4b17fc08":"","hero_section":"type-1","hero_elements":[{"id":"custom_title","enabled":true,"heading_tag":"h1","title":"Home"},{"id":"custom_description","enabled":true,"description_visibility":{"desktop":true,"tablet":true,"mobile":false}},{"id":"custom_meta","enabled":false,"meta_elements":[{"id":"author","enabled":true,"label":"By","has_author_avatar":"yes","avatar_size":25},{"id":"post_date","enabled":true,"label":"On","date_format_source":"default","date_format":"M j, Y"},{"id":"updated_date","enabled":false,"label":"On","date_format_source":"default","date_format":"M j, Y"},{"id":"categories","enabled":false,"label":"In","style":"simple"},{"id":"comments","enabled":true}],"page_meta_elements":{"joined":true,"articles_count":true,"comments":true}},{"id":"breadcrumbs","enabled":false}],"4b64a89e9cf1c71f78c415ca2ad96058":"","hero_alignment1":"CT_CSS_SKIP_RULE","hero_margin":40,"hero_alignment2":"center","hero_vertical_alignment":"center","4b8b065a29ad153a59a20b4a2477b0c0":"","hero_structure":"narrow","882966cb031439e8abcbe654321b63ea":"","page_title_bg_type":"featured_image","custom_hero_background":{"attachment_id":null},"parallax":{"desktop":false,"tablet":false,"mobile":false},"afe0a61bff2bb7331128ee6830f89c0d":"","hero_height":"250px","pageTitleFont":{"family":"Default","variation":"Default","size":"30px","line-height":"CT_CSS_SKIP_RULE","letter-spacing":"CT_CSS_SKIP_RULE","text-transform":"CT_CSS_SKIP_RULE","text-decoration":"CT_CSS_SKIP_RULE"},"pageTitleFontColor":{"default":{"color":"CT_CSS_SKIP_RULEDEFAULT"}},"pageMetaFont":{"family":"Default","variation":"n6","size":"12px","line-height":"1.3","letter-spacing":"CT_CSS_SKIP_RULE","text-transform":"uppercase","text-decoration":"CT_CSS_SKIP_RULE"},"pageMetaFontColor":{"default":{"color":"CT_CSS_SKIP_RULEDEFAULT"},"hover":{"color":"CT_CSS_SKIP_RULEDEFAULT"}},"page_meta_button_type_font_colors":{"default":{"color":"CT_CSS_SKIP_RULEDEFAULT"},"hover":{"color":"CT_CSS_SKIP_RULEDEFAULT"}},"page_meta_button_type_background_colors":{"default":{"color":"CT_CSS_SKIP_RULEDEFAULT"},"hover":{"color":"CT_CSS_SKIP_RULEDEFAULT"}},"pageExcerptFont":{"family":"Default","variation":"Default","size":"CT_CSS_SKIP_RULE","line-height":"CT_CSS_SKIP_RULE","letter-spacing":"CT_CSS_SKIP_RULE","text-transform":"CT_CSS_SKIP_RULE","text-decoration":"CT_CSS_SKIP_RULE"},"pageExcerptColor":{"default":{"color":"CT_CSS_SKIP_RULEDEFAULT"}},"breadcrumbsFont":{"family":"Default","variation":"Default","size":"CT_CSS_SKIP_RULE","line-height":"CT_CSS_SKIP_RULE","letter-spacing":"CT_CSS_SKIP_RULE","text-transform":"CT_CSS_SKIP_RULE","text-decoration":"CT_CSS_SKIP_RULE"},"breadcrumbsFontColor":{"default":{"color":"CT_CSS_SKIP_RULEDEFAULT"},"initial":{"color":"CT_CSS_SKIP_RULEDEFAULT"},"hover":{"color":"CT_CSS_SKIP_RULEDEFAULT"}},"pageTitleOverlay":{"background_type":"color","background_pattern":"type-1","background_image":{"attachment_id":null,"x":0,"y":0},"gradient":"linear-gradient(135deg,rgba(6,147,227,1) 0%,rgb(155,81,224) 100%)","background_repeat":"repeat","background_size":"auto","background_attachment":"scroll","patternColor":{"default":{"color":"#e5e7ea"}},"overlayColor":{"default":{"color":"CT_CSS_SKIP_RULE"}},"backgroundColor":{"default":{"color":"CT_CSS_SKIP_RULE"}}},"pageTitleBackground":{"background_type":"color","background_pattern":"type-1","background_image":{"attachment_id":null,"x":0,"y":0},"gradient":"linear-gradient(135deg,rgba(6,147,227,1) 0%,rgb(155,81,224) 100%)","background_repeat":"repeat","background_size":"auto","background_attachment":"scroll","patternColor":{"default":{"color":"#e5e7ea"}},"overlayColor":{"default":{"color":"CT_CSS_SKIP_RULE"}},"backgroundColor":{"default":{"color":"var(--theme-palette-color-6)"}}},"pageTitlePadding":{"top":"50px","bottom":"50px","left":"auto","right":"auto","linked":true},"0bcb983736ad665a0c7660875b1077a5":"","page_structure_type":"default","f16393a2ff4a1e41e4ce9bc12da7c8dd":"","content_style_source":"inherit","content_style":"wide","vertical_spacing_source":"custom","content_area_spacing":"none","background":{"background_type":"color","background_pattern":"type-1","background_image":{"attachment_id":null,"x":0,"y":0},"gradient":"linear-gradient(135deg,rgba(6,147,227,1) 0%,rgb(155,81,224) 100%)","background_repeat":"repeat","background_size":"auto","background_attachment":"scroll","patternColor":{"default":{"color":"#e5e7ea"}},"overlayColor":{"default":{"color":"CT_CSS_SKIP_RULE"}},"backgroundColor":{"default":{"color":"CT_CSS_SKIP_RULE"}}},"content_background":{"background_type":"color","background_pattern":"type-1","background_image":{"attachment_id":null,"x":0,"y":0},"gradient":"linear-gradient(135deg,rgba(6,147,227,1) 0%,rgb(155,81,224) 100%)","background_repeat":"repeat","background_size":"auto","background_attachment":"scroll","patternColor":{"default":{"color":"#e5e7ea"}},"overlayColor":{"default":{"color":"CT_CSS_SKIP_RULE"}},"backgroundColor":{"default":{"color":"var(--theme-palette-color-8)"}}},"content_boxed_shadow":{"inherit":false,"blur":18,"spread":-6,"v_offset":12,"h_offset":0,"inset":false,"enable":true,"color":{"color":"rgba(34, 56, 101, 0.04)"}},"boxed_content_spacing":{"desktop":{"top":"40px","bottom":"40px","left":"40px","right":"40px","linked":true},"tablet":{"top":"35px","bottom":"35px","left":"35px","right":"35px","linked":true},"mobile":{"top":"20px","bottom":"20px","left":"20px","right":"20px","linked":true}},"content_boxed_radius":{"top":"3px","bottom":"3px","left":"3px","right":"3px","linked":true},"97d23c9ec9eaca5b5ac944667707b21a":"","disable_featured_image":"no","disable_share_box":"no","disable_header":"no","disable_footer":"no","2dcde687c041ef29f862e7fc1989b1b2":"","59f98c63e6c4e7509b929b796c1a7140":"","390b87410ac9c642627056dddd849914":"","1949f610f2a24564e3544c140fb5e415":"","page_title_image_size":"full","fbfc812b565c2d932daf79c989416638":"","39e00ed07ef8723567c4972edbaa7198":"","e81adfbc800aedbf1dd2c7d3f506a713":"","content_boxed_border":{"width":1,"style":"none","color":{"color":"rgba(44,62,80,0.2)"}},"69a95e35da7ca58fa99b59bb3724b351":""},"aioseo_notices":[],"_links":{"self":[{"href":"https:\/\/galatasarayitm.com.tr\/index.php\/wp-json\/wp\/v2\/pages\/9","targetHints":{"allow":["GET"]}}],"collection":[{"href":"https:\/\/galatasarayitm.com.tr\/index.php\/wp-json\/wp\/v2\/pages"}],"about":[{"href":"https:\/\/galatasarayitm.com.tr\/index.php\/wp-json\/wp\/v2\/types\/page"}],"author":[{"embeddable":true,"href":"https:\/\/galatasarayitm.com.tr\/index.php\/wp-json\/wp\/v2\/users\/1"}],"replies":[{"embeddable":true,"href":"https:\/\/galatasarayitm.com.tr\/index.php\/wp-json\/wp\/v2\/comments?post=9"}],"version-history":[{"count":13,"href":"https:\/\/galatasarayitm.com.tr\/index.php\/wp-json\/wp\/v2\/pages\/9\/revisions"}],"predecessor-version":[{"id":1371,"href":"https:\/\/galatasarayitm.com.tr\/index.php\/wp-json\/wp\/v2\/pages\/9\/revisions\/1371"}],"wp:attachment":[{"href":"https:\/\/galatasarayitm.com.tr\/index.php\/wp-json\/wp\/v2\/media?parent=9"}],"curies":[{"name":"wp","href":"https:\/\/api.w.org\/{rel}","templated":true}]}}